{"id":29629,"date":"2022-07-16T13:11:07","date_gmt":"2022-07-16T13:11:07","guid":{"rendered":"https:\/\/www.tornador.nl\/rotador-spray-vac\/"},"modified":"2022-09-04T17:18:17","modified_gmt":"2022-09-04T17:18:17","slug":"rotador-spray-vac","status":"publish","type":"page","link":"https:\/\/www.tornador.nl\/de\/rotador-spray-vac\/","title":{"rendered":"ROTADOR\u00ae SPRAY-VAC"},"content":{"rendered":"<p>[et_pb_section fb_built=&#8220;1&#8243; specialty=&#8220;on&#8220; background_repeat_1=&#8220;no-repeat&#8220; background_repeat_2=&#8220;no-repeat&#8220; background_position_1=&#8220;top_left&#8220; background_position_2=&#8220;top_left&#8220; admin_label=&#8220;Section&#8220; _builder_version=&#8220;4.16&#8243; custom_padding=&#8220;||0px|&#8220; global_colors_info=&#8220;{}&#8220;][et_pb_column type=&#8220;1_2&#8243; _builder_version=&#8220;4.16&#8243; custom_padding=&#8220;|||&#8220; global_colors_info=&#8220;{}&#8220; custom_padding__hover=&#8220;|||&#8220;][et_pb_text _builder_version=&#8220;4.16&#8243; background_size=&#8220;initial&#8220; background_position=&#8220;top_left&#8220; background_repeat=&#8220;repeat&#8220; module_alignment=&#8220;left&#8220; global_colors_info=&#8220;{}&#8220;]<\/p>\n<h2><strong>Rotador\u00ae SPRAY-VAC\u200b<br \/><\/strong><\/h2>\n<h2>SPR\u00dcH-EXTRATIONSGER\u00c4T<\/h2>\n<p>&nbsp;<\/p>\n<h3>Art.-Nr.: 601 800<\/h3>\n<p>[\/et_pb_text][et_pb_image src=&#8220;https:\/\/www.tornador.nl\/wp-content\/uploads\/2021\/01\/titelbild-spray-vac.jpg&#8220; show_in_lightbox=&#8220;on&#8220; align_tablet=&#8220;center&#8220; align_phone=&#8220;&#8220; align_last_edited=&#8220;on|desktop&#8220; _builder_version=&#8220;4.16&#8243; animation_style=&#8220;slide&#8220; animation_direction=&#8220;left&#8220; animation_duration=&#8220;500ms&#8220; animation_intensity_slide=&#8220;10%&#8220; global_colors_info=&#8220;{}&#8220;][\/et_pb_image][et_pb_text _builder_version=&#8220;4.16&#8243; background_size=&#8220;initial&#8220; background_position=&#8220;top_left&#8220; background_repeat=&#8220;repeat&#8220; module_alignment=&#8220;left&#8220; custom_margin=&#8220;||0px|&#8220; custom_padding=&#8220;||10px|&#8220; use_border_color=&#8220;off&#8220; border_color=&#8220;#ffffff&#8220; border_style=&#8220;solid&#8220; saved_tabs=&#8220;all&#8220; global_colors_info=&#8220;{}&#8220;]<\/p>\n<h5>SPRENGZEICHNUNG:<\/h5>\n<p>[\/et_pb_text][et_pb_button button_url=&#8220;\/wp-content\/uploads\/2022\/07\/sprengzeichnung-spray-vac-dtsch..pdf&#8220; url_new_window=&#8220;on&#8220; button_text=&#8220;PDF Download&#8220; button_alignment=&#8220;left&#8220; _builder_version=&#8220;4.17.6&#8243; custom_button=&#8220;on&#8220; button_text_size=&#8220;15&#8243; button_text_color=&#8220;#ffffff&#8220; button_bg_color=&#8220;#c10134&#8243; button_border_width=&#8220;7&#8243; button_font=&#8220;Source Sans Pro|on|||&#8220; button_icon=&#8220;&#x5c;||divi||400&#8243; button_icon_color=&#8220;#ffffff&#8220; saved_tabs=&#8220;all&#8220; global_colors_info=&#8220;{}&#8220; button_text_size__hover_enabled=&#8220;off&#8220; button_text_size__hover=&#8220;null&#8220; button_one_text_size__hover_enabled=&#8220;off&#8220; button_one_text_size__hover=&#8220;null&#8220; button_two_text_size__hover_enabled=&#8220;off&#8220; button_two_text_size__hover=&#8220;null&#8220; button_text_color__hover_enabled=&#8220;off&#8220; button_text_color__hover=&#8220;null&#8220; button_one_text_color__hover_enabled=&#8220;off&#8220; button_one_text_color__hover=&#8220;null&#8220; button_two_text_color__hover_enabled=&#8220;off&#8220; button_two_text_color__hover=&#8220;null&#8220; button_border_width__hover_enabled=&#8220;off&#8220; button_border_width__hover=&#8220;null&#8220; button_one_border_width__hover_enabled=&#8220;off&#8220; button_one_border_width__hover=&#8220;null&#8220; button_two_border_width__hover_enabled=&#8220;off&#8220; button_two_border_width__hover=&#8220;null&#8220; button_border_color__hover_enabled=&#8220;off&#8220; button_border_color__hover=&#8220;null&#8220; button_one_border_color__hover_enabled=&#8220;off&#8220; button_one_border_color__hover=&#8220;null&#8220; button_two_border_color__hover_enabled=&#8220;off&#8220; button_two_border_color__hover=&#8220;null&#8220; button_border_radius__hover_enabled=&#8220;on&#8220; button_border_radius__hover=&#8220;4&#8243; button_one_border_radius__hover_enabled=&#8220;off&#8220; button_one_border_radius__hover=&#8220;null&#8220; button_two_border_radius__hover_enabled=&#8220;off&#8220; button_two_border_radius__hover=&#8220;null&#8220; button_letter_spacing__hover_enabled=&#8220;off&#8220; button_letter_spacing__hover=&#8220;null&#8220; button_one_letter_spacing__hover_enabled=&#8220;off&#8220; button_one_letter_spacing__hover=&#8220;null&#8220; button_two_letter_spacing__hover_enabled=&#8220;off&#8220; button_two_letter_spacing__hover=&#8220;null&#8220; button_bg_color__hover_enabled=&#8220;off&#8220; button_bg_color__hover=&#8220;null&#8220; button_one_bg_color__hover_enabled=&#8220;off&#8220; button_one_bg_color__hover=&#8220;null&#8220; button_two_bg_color__hover_enabled=&#8220;off&#8220; button_two_bg_color__hover=&#8220;null&#8220;][\/et_pb_button][et_pb_button button_url=&#8220;https:\/\/youtu.be\/a6I5h_4MHEg&#8220; url_new_window=&#8220;on&#8220; button_text=&#8220;VIDEO&#8220; button_alignment=&#8220;left&#8220; module_class=&#8220;vp-a&#8220; _builder_version=&#8220;4.16&#8243; custom_button=&#8220;on&#8220; button_text_size=&#8220;15&#8243; button_text_color=&#8220;#ffffff&#8220; button_bg_color=&#8220;#c10134&#8243; button_border_width=&#8220;7&#8243; button_font=&#8220;Source Sans Pro|on|||&#8220; button_icon=&#8220;&#x5c;||divi||400&#8243; button_icon_color=&#8220;#ffffff&#8220; button_border_radius_hover=&#8220;4&#8243; saved_tabs=&#8220;all&#8220; global_colors_info=&#8220;{}&#8220; button_text_size__hover_enabled=&#8220;off&#8220; button_text_size__hover=&#8220;null&#8220; button_one_text_size__hover_enabled=&#8220;off&#8220; button_one_text_size__hover=&#8220;null&#8220; button_two_text_size__hover_enabled=&#8220;off&#8220; button_two_text_size__hover=&#8220;null&#8220; button_text_color__hover_enabled=&#8220;off&#8220; button_text_color__hover=&#8220;null&#8220; button_one_text_color__hover_enabled=&#8220;off&#8220; button_one_text_color__hover=&#8220;null&#8220; button_two_text_color__hover_enabled=&#8220;off&#8220; button_two_text_color__hover=&#8220;null&#8220; button_border_width__hover_enabled=&#8220;off&#8220; button_border_width__hover=&#8220;null&#8220; button_one_border_width__hover_enabled=&#8220;off&#8220; button_one_border_width__hover=&#8220;null&#8220; button_two_border_width__hover_enabled=&#8220;off&#8220; button_two_border_width__hover=&#8220;null&#8220; button_border_color__hover_enabled=&#8220;off&#8220; button_border_color__hover=&#8220;null&#8220; button_one_border_color__hover_enabled=&#8220;off&#8220; button_one_border_color__hover=&#8220;null&#8220; button_two_border_color__hover_enabled=&#8220;off&#8220; button_two_border_color__hover=&#8220;null&#8220; button_border_radius__hover_enabled=&#8220;on&#8220; button_border_radius__hover=&#8220;4&#8243; button_one_border_radius__hover_enabled=&#8220;off&#8220; button_one_border_radius__hover=&#8220;null&#8220; button_two_border_radius__hover_enabled=&#8220;off&#8220; button_two_border_radius__hover=&#8220;null&#8220; button_letter_spacing__hover_enabled=&#8220;off&#8220; button_letter_spacing__hover=&#8220;null&#8220; button_one_letter_spacing__hover_enabled=&#8220;off&#8220; button_one_letter_spacing__hover=&#8220;null&#8220; button_two_letter_spacing__hover_enabled=&#8220;off&#8220; button_two_letter_spacing__hover=&#8220;null&#8220; button_bg_color__hover_enabled=&#8220;off&#8220; button_bg_color__hover=&#8220;null&#8220; button_one_bg_color__hover_enabled=&#8220;off&#8220; button_one_bg_color__hover=&#8220;null&#8220; button_two_bg_color__hover_enabled=&#8220;off&#8220; button_two_bg_color__hover=&#8220;null&#8220;][\/et_pb_button][et_pb_button button_url=&#8220;https:\/\/www.waxworld.nl\/artikel\/4732\/rotador-sprayvac.html&#8220; url_new_window=&#8220;on&#8220; button_text=&#8220;Jetzt kaufen&#8220; button_alignment=&#8220;left&#8220; _builder_version=&#8220;4.18.0&#8243; custom_button=&#8220;on&#8220; button_text_size=&#8220;15&#8243; button_text_color=&#8220;#ffffff&#8220; button_bg_color=&#8220;#c10134&#8243; button_border_width=&#8220;7&#8243; button_font=&#8220;Source Sans Pro|on|||&#8220; button_icon=&#8220;&#x5c;||divi||400&#8243; button_icon_color=&#8220;#ffffff&#8220; hover_enabled=&#8220;0&#8243; button_border_radius_hover=&#8220;4&#8243; saved_tabs=&#8220;all&#8220; global_colors_info=&#8220;{}&#8220; button_text_size__hover_enabled=&#8220;off&#8220; button_text_size__hover=&#8220;null&#8220; button_one_text_size__hover_enabled=&#8220;off&#8220; button_one_text_size__hover=&#8220;null&#8220; button_two_text_size__hover_enabled=&#8220;off&#8220; button_two_text_size__hover=&#8220;null&#8220; button_text_color__hover_enabled=&#8220;off&#8220; button_text_color__hover=&#8220;null&#8220; button_one_text_color__hover_enabled=&#8220;off&#8220; button_one_text_color__hover=&#8220;null&#8220; button_two_text_color__hover_enabled=&#8220;off&#8220; button_two_text_color__hover=&#8220;null&#8220; button_border_width__hover_enabled=&#8220;off&#8220; button_border_width__hover=&#8220;null&#8220; button_one_border_width__hover_enabled=&#8220;off&#8220; button_one_border_width__hover=&#8220;null&#8220; button_two_border_width__hover_enabled=&#8220;off&#8220; button_two_border_width__hover=&#8220;null&#8220; button_border_color__hover_enabled=&#8220;off&#8220; button_border_color__hover=&#8220;null&#8220; button_one_border_color__hover_enabled=&#8220;off&#8220; button_one_border_color__hover=&#8220;null&#8220; button_two_border_color__hover_enabled=&#8220;off&#8220; button_two_border_color__hover=&#8220;null&#8220; button_border_radius__hover_enabled=&#8220;on&#8220; button_border_radius__hover=&#8220;4&#8243; button_one_border_radius__hover_enabled=&#8220;off&#8220; button_one_border_radius__hover=&#8220;null&#8220; button_two_border_radius__hover_enabled=&#8220;off&#8220; button_two_border_radius__hover=&#8220;null&#8220; button_letter_spacing__hover_enabled=&#8220;off&#8220; button_letter_spacing__hover=&#8220;null&#8220; button_one_letter_spacing__hover_enabled=&#8220;off&#8220; button_one_letter_spacing__hover=&#8220;null&#8220; button_two_letter_spacing__hover_enabled=&#8220;off&#8220; button_two_letter_spacing__hover=&#8220;null&#8220; button_bg_color__hover_enabled=&#8220;off&#8220; button_bg_color__hover=&#8220;null&#8220; button_one_bg_color__hover_enabled=&#8220;off&#8220; button_one_bg_color__hover=&#8220;null&#8220; button_two_bg_color__hover_enabled=&#8220;off&#8220; button_two_bg_color__hover=&#8220;null&#8220; sticky_enabled=&#8220;0&#8243;][\/et_pb_button][\/et_pb_column][et_pb_column type=&#8220;1_2&#8243; specialty_columns=&#8220;2&#8243; _builder_version=&#8220;4.16&#8243; custom_padding=&#8220;|||&#8220; global_colors_info=&#8220;{}&#8220; custom_padding__hover=&#8220;|||&#8220;][et_pb_row_inner padding_mobile=&#8220;off&#8220; make_equal=&#8220;on&#8220; column_padding_mobile=&#8220;on&#8220; admin_label=&#8220;Row&#8220; _builder_version=&#8220;4.16&#8243; global_colors_info=&#8220;{}&#8220;][et_pb_column_inner saved_specialty_column_type=&#8220;1_2&#8243; _builder_version=&#8220;4.16&#8243; custom_padding=&#8220;|||&#8220; global_colors_info=&#8220;{}&#8220; custom_padding__hover=&#8220;|||&#8220;][et_pb_text _builder_version=&#8220;4.16&#8243; background_size=&#8220;initial&#8220; background_position=&#8220;top_left&#8220; background_repeat=&#8220;repeat&#8220; module_alignment=&#8220;left&#8220; border_style=&#8220;solid&#8220; global_colors_info=&#8220;{}&#8220;]<\/p>\n<hr class=\"linie100g\" \/>\n<ul>\n<li>220-240V \/ 50Hz \/ 1.100 Hz. \/1.100W<\/li>\n<li>Pumpe: 50W<\/li>\n<li>Max. Unterdruck: 230mbar<\/li>\n<li>Arbeitsdruck: 4bar<\/li>\n<li>Wasserbeh\u00e4lter: je 6,5 Liter<\/li>\n<li>Saugschlauch: 2,5m<\/li>\n<li>13kg, 55 x 35 x 63,5cm (LBH)<\/li>\n<\/ul>\n<hr class=\"linie100g\" \/>\n<p>Der SPRAY-VAC ist ein extrem leistungsstarker Spr\u00fch-Extraktionssauger, der sowohl f\u00fcr die gr\u00fcndliche Polster-, Velour-, \u2013 und Teppichreinigung als auch f\u00fcr die professionelle Fahrzeug-Aufbereitung geeignet ist.<br \/>Mit dem Spr\u00fchdruck von 4 bar und einer Saugleistung von 230 mbar werden beste Reinigungsergebnisse, eine geringe Restfeuchtigkeit sowie eine schnelle und sehr gr\u00fcndliche Fleckenentfernungen erzielt.<br \/>Die Spr\u00fch- und die Saugfunktion k\u00f6nnen einzeln zugeschaltet werden. \u00dcber einen Ausl\u00f6ser an der Handd\u00fcse wird der Reiniger bequem aufgespr\u00fcht, zu- oder abgeschaltet. Die glasklare Handd\u00fcse gibt die Sicht auf den Arbeitsbereich frei und erm\u00f6glicht eine sehr gute Kontrolle des Reinigungsfortschrittes.<\/p>\n<p>Der separat integrierte Entsch\u00e4umertank erlaubt den Einsatz von Entsch\u00e4umungsmitteln und verhindert ein \u00dcbersch\u00e4umen der Tenside im Schmutzwasser-Tank. Mit jeweils 6,5 Litern sind sowohl der Frisch- als auch der Schmutzwassertank gut dimensioniert. Das 7,5 m lange Netzkabel gew\u00e4hrt einen sehr gro\u00dfen Aktionsradius. Dieses leistungsstarke Spr\u00fch-Extraktions-ger\u00e4t ist ideal f\u00fcr die Fahrzeugaufbereitung, B\u00fcros und Haushalt<\/p>\n<p>[\/et_pb_text][\/et_pb_column_inner][\/et_pb_row_inner][\/et_pb_column][\/et_pb_section][et_pb_section fb_built=&#8220;1&#8243; _builder_version=&#8220;4.16&#8243; background_color=&#8220;#dddddd&#8220; custom_padding=&#8220;0px||0px|&#8220; transparent_background=&#8220;off&#8220; make_fullwidth=&#8220;off&#8220; use_custom_width=&#8220;off&#8220; width_unit=&#8220;on&#8220; global_colors_info=&#8220;{}&#8220;][et_pb_row _builder_version=&#8220;4.16&#8243; background_size=&#8220;initial&#8220; background_position=&#8220;top_left&#8220; background_repeat=&#8220;repeat&#8220; global_colors_info=&#8220;{}&#8220;][et_pb_column type=&#8220;4_4&#8243; _builder_version=&#8220;4.16&#8243; custom_padding=&#8220;|||&#8220; global_colors_info=&#8220;{}&#8220; custom_padding__hover=&#8220;|||&#8220;][et_pb_text _builder_version=&#8220;4.16&#8243; background_size=&#8220;initial&#8220; background_position=&#8220;top_left&#8220; background_repeat=&#8220;repeat&#8220; module_alignment=&#8220;left&#8220; use_border_color=&#8220;off&#8220; border_color=&#8220;#ffffff&#8220; border_style=&#8220;solid&#8220; global_colors_info=&#8220;{}&#8220;]<\/p>\n<h5>ZUBEH\u00d6R:<\/h5>\n<p>[\/et_pb_text][et_pb_gallery gallery_ids=&#8220;29593,29587,29589,29591&#8243; posts_number=&#8220;12&#8243; show_title_and_caption=&#8220;off&#8220; zoom_icon_color=&#8220;#0f00a7&#8243; admin_label=&#8220;Galerie&#8220; _builder_version=&#8220;4.16&#8243; title_font_size=&#8220;14&#8243; caption_line_height=&#8220;14px&#8220; pagination_font_size_tablet=&#8220;51&#8243; pagination_line_height_tablet=&#8220;2&#8243; saved_tabs=&#8220;all&#8220; global_colors_info=&#8220;{}&#8220;][\/et_pb_gallery][et_pb_divider color=&#8220;#ffffff&#8220; divider_position=&#8220;center&#8220; divider_weight=&#8220;3&#8243; disabled_on=&#8220;on|on|off&#8220; _builder_version=&#8220;4.16&#8243; hide_on_mobile=&#8220;on&#8220; global_colors_info=&#8220;{}&#8220;][\/et_pb_divider][\/et_pb_column][\/et_pb_row][\/et_pb_section][et_pb_section fb_built=&#8220;1&#8243; _builder_version=&#8220;4.16&#8243; background_color=&#8220;#dddddd&#8220; custom_padding=&#8220;0px||0px|&#8220; transparent_background=&#8220;off&#8220; make_fullwidth=&#8220;off&#8220; use_custom_width=&#8220;off&#8220; width_unit=&#8220;on&#8220; global_colors_info=&#8220;{}&#8220;][et_pb_row _builder_version=&#8220;4.16&#8243; background_size=&#8220;initial&#8220; background_position=&#8220;top_left&#8220; background_repeat=&#8220;repeat&#8220; global_colors_info=&#8220;{}&#8220;][et_pb_column type=&#8220;4_4&#8243; _builder_version=&#8220;4.16&#8243; custom_padding=&#8220;|||&#8220; global_colors_info=&#8220;{}&#8220; custom_padding__hover=&#8220;|||&#8220;][et_pb_text _builder_version=&#8220;4.16&#8243; background_size=&#8220;initial&#8220; background_position=&#8220;top_left&#8220; background_repeat=&#8220;repeat&#8220; module_alignment=&#8220;left&#8220; use_border_color=&#8220;off&#8220; border_color=&#8220;#ffffff&#8220; border_style=&#8220;solid&#8220; global_colors_info=&#8220;{}&#8220;]<\/p>\n<h5>WEITERE ANSICHTEN:<\/h5>\n<p>[\/et_pb_text][et_pb_gallery gallery_ids=&#8220;29575,29579,29559,29567,29563,29557,29622,29571&#8243; posts_number=&#8220;10&#8243; show_title_and_caption=&#8220;off&#8220; zoom_icon_color=&#8220;#0f00a7&#8243; admin_label=&#8220;Galerie&#8220; _builder_version=&#8220;4.16&#8243; title_font_size=&#8220;14&#8243; caption_line_height=&#8220;14px&#8220; pagination_font_size_tablet=&#8220;51&#8243; pagination_line_height_tablet=&#8220;2&#8243; saved_tabs=&#8220;all&#8220; global_colors_info=&#8220;{}&#8220;][\/et_pb_gallery][et_pb_divider color=&#8220;#ffffff&#8220; divider_position=&#8220;center&#8220; divider_weight=&#8220;3&#8243; disabled_on=&#8220;on|on|off&#8220; _builder_version=&#8220;4.16&#8243; hide_on_mobile=&#8220;on&#8220; global_colors_info=&#8220;{}&#8220;][\/et_pb_divider][\/et_pb_column][\/et_pb_row][\/et_pb_section][et_pb_section fb_built=&#8220;1&#8243; _builder_version=&#8220;4.16&#8243; background_color=&#8220;#dddddd&#8220; custom_padding=&#8220;0px||0px|&#8220; transparent_background=&#8220;off&#8220; make_fullwidth=&#8220;off&#8220; use_custom_width=&#8220;off&#8220; width_unit=&#8220;on&#8220; global_colors_info=&#8220;{}&#8220;][et_pb_row _builder_version=&#8220;4.16&#8243; background_size=&#8220;initial&#8220; background_position=&#8220;top_left&#8220; background_repeat=&#8220;repeat&#8220; global_colors_info=&#8220;{}&#8220;][et_pb_column type=&#8220;4_4&#8243; _builder_version=&#8220;4.16&#8243; custom_padding=&#8220;|||&#8220; global_colors_info=&#8220;{}&#8220; custom_padding__hover=&#8220;|||&#8220;][et_pb_text _builder_version=&#8220;4.16&#8243; background_size=&#8220;initial&#8220; background_position=&#8220;top_left&#8220; background_repeat=&#8220;repeat&#8220; module_alignment=&#8220;left&#8220; use_border_color=&#8220;off&#8220; border_color=&#8220;#ffffff&#8220; border_style=&#8220;solid&#8220; global_colors_info=&#8220;{}&#8220;]<\/p>\n<h5>ANWENDUNGEN:<\/h5>\n<p>[\/et_pb_text][et_pb_gallery gallery_ids=&#8220;29551,29539,29547,29549,29555,29543,29545,29541&#8243; posts_number=&#8220;10&#8243; show_title_and_caption=&#8220;off&#8220; zoom_icon_color=&#8220;#0f00a7&#8243; admin_label=&#8220;Galerie&#8220; _builder_version=&#8220;4.16&#8243; title_font_size=&#8220;14&#8243; caption_line_height=&#8220;14px&#8220; pagination_font_size_tablet=&#8220;51&#8243; pagination_line_height_tablet=&#8220;2&#8243; saved_tabs=&#8220;all&#8220; global_colors_info=&#8220;{}&#8220;][\/et_pb_gallery][et_pb_divider color=&#8220;#ffffff&#8220; divider_position=&#8220;center&#8220; divider_weight=&#8220;3&#8243; disabled_on=&#8220;on|on|off&#8220; _builder_version=&#8220;4.16&#8243; hide_on_mobile=&#8220;on&#8220; global_colors_info=&#8220;{}&#8220;][\/et_pb_divider][\/et_pb_column][\/et_pb_row][\/et_pb_section]<\/p>\n","protected":false},"excerpt":{"rendered":"<p>Rotador\u00ae SPRAY-VAC\u200b SPR\u00dcH-EXTRATIONSGER\u00c4T &nbsp; Art.-Nr.: 601 800SPRENGZEICHNUNG: 220-240V \/ 50Hz \/ 1.100 Hz. \/1.100W Pumpe: 50W Max. Unterdruck: 230mbar Arbeitsdruck: 4bar Wasserbeh\u00e4lter: je 6,5 Liter Saugschlauch: 2,5m 13kg, 55 x 35 x 63,5cm (LBH) Der SPRAY-VAC ist ein extrem leistungsstarker Spr\u00fch-Extraktionssauger, der sowohl f\u00fcr die gr\u00fcndliche Polster-, Velour-, \u2013 und Teppichreinigung als auch f\u00fcr die [&hellip;]<\/p>\n","protected":false},"author":9,"featured_media":0,"parent":0,"menu_order":0,"comment_status":"closed","ping_status":"closed","template":"","meta":{"_et_pb_use_builder":"on","_et_pb_old_content":"","_et_gb_content_width":"","footnotes":""},"class_list":["post-29629","page","type-page","status-publish","hentry"],"_links":{"self":[{"href":"https:\/\/www.tornador.nl\/de\/wp-json\/wp\/v2\/pages\/29629","targetHints":{"allow":["GET"]}}],"collection":[{"href":"https:\/\/www.tornador.nl\/de\/wp-json\/wp\/v2\/pages"}],"about":[{"href":"https:\/\/www.tornador.nl\/de\/wp-json\/wp\/v2\/types\/page"}],"author":[{"embeddable":true,"href":"https:\/\/www.tornador.nl\/de\/wp-json\/wp\/v2\/users\/9"}],"replies":[{"embeddable":true,"href":"https:\/\/www.tornador.nl\/de\/wp-json\/wp\/v2\/comments?post=29629"}],"version-history":[{"count":6,"href":"https:\/\/www.tornador.nl\/de\/wp-json\/wp\/v2\/pages\/29629\/revisions"}],"predecessor-version":[{"id":30915,"href":"https:\/\/www.tornador.nl\/de\/wp-json\/wp\/v2\/pages\/29629\/revisions\/30915"}],"wp:attachment":[{"href":"https:\/\/www.tornador.nl\/de\/wp-json\/wp\/v2\/media?parent=29629"}],"curies":[{"name":"wp","href":"https:\/\/api.w.org\/{rel}","templated":true}]}}