{"id":26768,"date":"2019-09-26T03:53:05","date_gmt":"2019-09-26T03:53:05","guid":{"rendered":"https:\/\/www.tornador.de\/prototyp\/?page_id=26768"},"modified":"2022-09-04T17:12:58","modified_gmt":"2022-09-04T17:12:58","slug":"rotador-vaq","status":"publish","type":"page","link":"https:\/\/www.tornador.nl\/de\/rotador-vaq\/","title":{"rendered":"ROTADOR\u00ae VAQ"},"content":{"rendered":"<p>[et_pb_section fb_built=&#8220;1&#8243; specialty=&#8220;on&#8220; background_repeat_1=&#8220;no-repeat&#8220; background_repeat_2=&#8220;no-repeat&#8220; background_position_1=&#8220;top_left&#8220; background_position_2=&#8220;top_left&#8220; admin_label=&#8220;Section&#8220; _builder_version=&#8220;4.16&#8243; global_colors_info=&#8220;{}&#8220;][et_pb_column type=&#8220;1_2&#8243; _builder_version=&#8220;4.16&#8243; custom_padding=&#8220;|||&#8220; global_colors_info=&#8220;{}&#8220; custom_padding__hover=&#8220;|||&#8220;][et_pb_text _builder_version=&#8220;4.16&#8243; background_size=&#8220;initial&#8220; background_position=&#8220;top_left&#8220; background_repeat=&#8220;repeat&#8220; module_alignment=&#8220;left&#8220; border_style=&#8220;solid&#8220; global_colors_info=&#8220;{}&#8220;]<\/p>\n<h2><strong>Rotador\u00ae vaQ<\/strong><\/h2>\n<h2>Industriesauger<\/h2>\n<p>&nbsp;<\/p>\n<h3>Art.-Nr.: 601 560<\/h3>\n<p>[\/et_pb_text][et_pb_image src=&#8220;https:\/\/www.tornador.ro\/wp-content\/uploads\/2019\/09\/Rotador-vaQ-frei.jpg&#8220; show_in_lightbox=&#8220;on&#8220; align_tablet=&#8220;center&#8220; align_phone=&#8220;&#8220; align_last_edited=&#8220;on|desktop&#8220; _builder_version=&#8220;4.16&#8243; animation_style=&#8220;slide&#8220; animation_direction=&#8220;left&#8220; animation_duration=&#8220;500ms&#8220; animation_intensity_slide=&#8220;10%&#8220; global_colors_info=&#8220;{}&#8220;][\/et_pb_image][et_pb_text _builder_version=&#8220;4.16&#8243; background_size=&#8220;initial&#8220; background_position=&#8220;top_left&#8220; background_repeat=&#8220;repeat&#8220; module_alignment=&#8220;left&#8220; custom_margin=&#8220;||0px|&#8220; border_style=&#8220;solid&#8220; global_colors_info=&#8220;{}&#8220;]<\/p>\n<h5>SPRENGZEICHNUNG:<\/h5>\n<p>[\/et_pb_text][et_pb_button button_url=&#8220;https:\/\/www.tornador.com.pl\/wp-content\/uploads\/2019\/05\/vaQ-Zeichnung.pdf&#8220; url_new_window=&#8220;on&#8220; button_text=&#8220;PDF Download&#8220; button_alignment=&#8220;left&#8220; _builder_version=&#8220;4.16&#8243; custom_button=&#8220;on&#8220; button_text_size=&#8220;15&#8243; button_text_color=&#8220;#ffffff&#8220; button_bg_color=&#8220;#c10134&#8243; button_border_width=&#8220;7&#8243; button_font=&#8220;Source Sans Pro|on|||&#8220; button_icon=&#8220;&#x5c;||divi||400&#8243; button_icon_color=&#8220;#ffffff&#8220; global_colors_info=&#8220;{}&#8220; button_text_size__hover_enabled=&#8220;off&#8220; button_text_size__hover=&#8220;null&#8220; button_one_text_size__hover_enabled=&#8220;off&#8220; button_one_text_size__hover=&#8220;null&#8220; button_two_text_size__hover_enabled=&#8220;off&#8220; button_two_text_size__hover=&#8220;null&#8220; button_text_color__hover_enabled=&#8220;off&#8220; button_text_color__hover=&#8220;null&#8220; button_one_text_color__hover_enabled=&#8220;off&#8220; button_one_text_color__hover=&#8220;null&#8220; button_two_text_color__hover_enabled=&#8220;off&#8220; button_two_text_color__hover=&#8220;null&#8220; button_border_width__hover_enabled=&#8220;off&#8220; button_border_width__hover=&#8220;null&#8220; button_one_border_width__hover_enabled=&#8220;off&#8220; button_one_border_width__hover=&#8220;null&#8220; button_two_border_width__hover_enabled=&#8220;off&#8220; button_two_border_width__hover=&#8220;null&#8220; button_border_color__hover_enabled=&#8220;off&#8220; button_border_color__hover=&#8220;null&#8220; button_one_border_color__hover_enabled=&#8220;off&#8220; button_one_border_color__hover=&#8220;null&#8220; button_two_border_color__hover_enabled=&#8220;off&#8220; button_two_border_color__hover=&#8220;null&#8220; button_border_radius__hover_enabled=&#8220;on&#8220; button_border_radius__hover=&#8220;4&#8243; button_one_border_radius__hover_enabled=&#8220;off&#8220; button_one_border_radius__hover=&#8220;null&#8220; button_two_border_radius__hover_enabled=&#8220;off&#8220; button_two_border_radius__hover=&#8220;null&#8220; button_letter_spacing__hover_enabled=&#8220;off&#8220; button_letter_spacing__hover=&#8220;null&#8220; button_one_letter_spacing__hover_enabled=&#8220;off&#8220; button_one_letter_spacing__hover=&#8220;null&#8220; button_two_letter_spacing__hover_enabled=&#8220;off&#8220; button_two_letter_spacing__hover=&#8220;null&#8220; button_bg_color__hover_enabled=&#8220;off&#8220; button_bg_color__hover=&#8220;null&#8220; button_one_bg_color__hover_enabled=&#8220;off&#8220; button_one_bg_color__hover=&#8220;null&#8220; button_two_bg_color__hover_enabled=&#8220;off&#8220; button_two_bg_color__hover=&#8220;null&#8220;][\/et_pb_button][et_pb_button button_url=&#8220;https:\/\/www.waxworld.nl\/artikel\/4727\/rotador-vaq-industrial-vacuum-cleaner-z-025.html&#8220; url_new_window=&#8220;on&#8220; button_text=&#8220;Jetzt kaufen&#8220; button_alignment=&#8220;left&#8220; _builder_version=&#8220;4.18.0&#8243; custom_button=&#8220;on&#8220; button_text_size=&#8220;15&#8243; button_text_color=&#8220;#ffffff&#8220; button_bg_color=&#8220;#c10134&#8243; button_border_width=&#8220;7&#8243; button_font=&#8220;Source Sans Pro|on|||&#8220; button_icon=&#8220;&#x5c;||divi||400&#8243; button_icon_color=&#8220;#ffffff&#8220; hover_enabled=&#8220;0&#8243; global_colors_info=&#8220;{}&#8220; button_text_size__hover_enabled=&#8220;off&#8220; button_text_size__hover=&#8220;null&#8220; button_one_text_size__hover_enabled=&#8220;off&#8220; button_one_text_size__hover=&#8220;null&#8220; button_two_text_size__hover_enabled=&#8220;off&#8220; button_two_text_size__hover=&#8220;null&#8220; button_text_color__hover_enabled=&#8220;off&#8220; button_text_color__hover=&#8220;null&#8220; button_one_text_color__hover_enabled=&#8220;off&#8220; button_one_text_color__hover=&#8220;null&#8220; button_two_text_color__hover_enabled=&#8220;off&#8220; button_two_text_color__hover=&#8220;null&#8220; button_border_width__hover_enabled=&#8220;off&#8220; button_border_width__hover=&#8220;null&#8220; button_one_border_width__hover_enabled=&#8220;off&#8220; button_one_border_width__hover=&#8220;null&#8220; button_two_border_width__hover_enabled=&#8220;off&#8220; button_two_border_width__hover=&#8220;null&#8220; button_border_color__hover_enabled=&#8220;off&#8220; button_border_color__hover=&#8220;null&#8220; button_one_border_color__hover_enabled=&#8220;off&#8220; button_one_border_color__hover=&#8220;null&#8220; button_two_border_color__hover_enabled=&#8220;off&#8220; button_two_border_color__hover=&#8220;null&#8220; button_border_radius__hover_enabled=&#8220;on&#8220; button_border_radius__hover=&#8220;4&#8243; button_one_border_radius__hover_enabled=&#8220;off&#8220; button_one_border_radius__hover=&#8220;null&#8220; button_two_border_radius__hover_enabled=&#8220;off&#8220; button_two_border_radius__hover=&#8220;null&#8220; button_letter_spacing__hover_enabled=&#8220;off&#8220; button_letter_spacing__hover=&#8220;null&#8220; button_one_letter_spacing__hover_enabled=&#8220;off&#8220; button_one_letter_spacing__hover=&#8220;null&#8220; button_two_letter_spacing__hover_enabled=&#8220;off&#8220; button_two_letter_spacing__hover=&#8220;null&#8220; button_bg_color__hover_enabled=&#8220;off&#8220; button_bg_color__hover=&#8220;null&#8220; button_one_bg_color__hover_enabled=&#8220;off&#8220; button_one_bg_color__hover=&#8220;null&#8220; button_two_bg_color__hover_enabled=&#8220;off&#8220; button_two_bg_color__hover=&#8220;null&#8220; sticky_enabled=&#8220;0&#8243;][\/et_pb_button][\/et_pb_column][et_pb_column type=&#8220;1_2&#8243; specialty_columns=&#8220;2&#8243; _builder_version=&#8220;4.16&#8243; custom_padding=&#8220;|||&#8220; global_colors_info=&#8220;{}&#8220; custom_padding__hover=&#8220;|||&#8220;][et_pb_row_inner admin_label=&#8220;Zeile&#8220; _builder_version=&#8220;4.16&#8243; global_colors_info=&#8220;{}&#8220;][et_pb_column_inner saved_specialty_column_type=&#8220;1_2&#8243; _builder_version=&#8220;4.16&#8243; custom_padding=&#8220;|||&#8220; global_colors_info=&#8220;{}&#8220; custom_padding__hover=&#8220;|||&#8220;][et_pb_text _builder_version=&#8220;4.16&#8243; background_size=&#8220;initial&#8220; background_position=&#8220;top_left&#8220; background_repeat=&#8220;repeat&#8220; module_alignment=&#8220;left&#8220; border_style=&#8220;solid&#8220; global_colors_info=&#8220;{}&#8220;]<\/p>\n<hr class=\"linie100g\" \/>\n<ul>\n<li>integrierter Druckluftanschlu\u00df<\/li>\n<li>37 Liter Tankvolumen<\/li>\n<li>1400 W P max.<\/li>\n<li>4bar \u2013 15 bar min. \u2013 max. bar \u2013 Betriebsdruck<\/li>\n<li>2.400 mm Wassers\u00e4ule<\/li>\n<\/ul>\n<hr class=\"linie100g\" \/>\n<p>Der erste Industriestaubsauger, der den Namen Rotador\u00ae verdient hat. Gro\u00dfer Tank, hohe Saugleistung und eine zus\u00e4tzliche Anschlu\u00dfm\u00f6glichkeit f\u00fcr Druckluftger\u00e4te <strong>machen den Rotador\u00ae vaQ in der Werkstatt unentbehrlich.<\/strong> Perfekt abgestimmt auf den <strong>Reinigungsaufsatz Rotador\u00ae BEAST<\/strong> geh\u00f6rt das Hantieren mit mehreren Schl\u00e4uchen nun der Vergangenheit an, da der Druckluftanschlu\u00df durch den Saugschlauch gef\u00fchrt wird.<\/p>\n<p><strong>Der Rotador\u00ae vaQ, gesprochen [v\u00e6kyu:], wird anschlu\u00dffertig\u00a0geliefert und kann sowohl als Na\u00df-, als auch als\u00a0Trockensauger eingesetzt werden.<\/strong><\/p>\n<p>[\/et_pb_text][\/et_pb_column_inner][\/et_pb_row_inner][\/et_pb_column][\/et_pb_section][et_pb_section fb_built=&#8220;1&#8243; _builder_version=&#8220;4.16&#8243; background_color=&#8220;#dddddd&#8220; custom_padding=&#8220;0px||0px|&#8220; transparent_background=&#8220;off&#8220; make_fullwidth=&#8220;off&#8220; use_custom_width=&#8220;off&#8220; width_unit=&#8220;on&#8220; global_colors_info=&#8220;{}&#8220;][et_pb_row _builder_version=&#8220;4.16&#8243; background_size=&#8220;initial&#8220; background_position=&#8220;top_left&#8220; background_repeat=&#8220;repeat&#8220; global_colors_info=&#8220;{}&#8220;][et_pb_column type=&#8220;4_4&#8243; _builder_version=&#8220;4.16&#8243; custom_padding=&#8220;|||&#8220; global_colors_info=&#8220;{}&#8220; custom_padding__hover=&#8220;|||&#8220;][et_pb_text _builder_version=&#8220;4.16&#8243; background_size=&#8220;initial&#8220; background_position=&#8220;top_left&#8220; background_repeat=&#8220;repeat&#8220; module_alignment=&#8220;left&#8220; use_border_color=&#8220;off&#8220; border_color=&#8220;#ffffff&#8220; border_style=&#8220;solid&#8220; global_colors_info=&#8220;{}&#8220;]<\/p>\n<h5>WEITERE ANSICHTEN:<\/h5>\n<p>[\/et_pb_text][et_pb_gallery gallery_ids=&#8220;27076,27081,27086,27091&#8243; posts_number=&#8220;12&#8243; show_title_and_caption=&#8220;off&#8220; zoom_icon_color=&#8220;#0f00a7&#8243; _builder_version=&#8220;4.16&#8243; title_font_size=&#8220;14&#8243; caption_line_height=&#8220;14px&#8220; pagination_font_size_tablet=&#8220;51&#8243; pagination_line_height_tablet=&#8220;2&#8243; saved_tabs=&#8220;all&#8220; global_colors_info=&#8220;{}&#8220;][\/et_pb_gallery][et_pb_divider color=&#8220;#ffffff&#8220; divider_position=&#8220;center&#8220; divider_weight=&#8220;3&#8243; disabled_on=&#8220;on|on|off&#8220; _builder_version=&#8220;4.16&#8243; hide_on_mobile=&#8220;on&#8220; global_colors_info=&#8220;{}&#8220;][\/et_pb_divider][\/et_pb_column][\/et_pb_row][\/et_pb_section][et_pb_section fb_built=&#8220;1&#8243; _builder_version=&#8220;4.16&#8243; background_color=&#8220;#dddddd&#8220; custom_padding=&#8220;0px||0px|&#8220; transparent_background=&#8220;off&#8220; make_fullwidth=&#8220;off&#8220; use_custom_width=&#8220;off&#8220; width_unit=&#8220;on&#8220; global_colors_info=&#8220;{}&#8220;][et_pb_row _builder_version=&#8220;4.16&#8243; background_size=&#8220;initial&#8220; background_position=&#8220;top_left&#8220; background_repeat=&#8220;repeat&#8220; global_colors_info=&#8220;{}&#8220;][et_pb_column type=&#8220;4_4&#8243; _builder_version=&#8220;4.16&#8243; custom_padding=&#8220;|||&#8220; global_colors_info=&#8220;{}&#8220; custom_padding__hover=&#8220;|||&#8220;][et_pb_text _builder_version=&#8220;4.16&#8243; background_size=&#8220;initial&#8220; background_position=&#8220;top_left&#8220; background_repeat=&#8220;repeat&#8220; module_alignment=&#8220;left&#8220; border_style=&#8220;solid&#8220; global_colors_info=&#8220;{}&#8220;]<\/p>\n<h5>ANWENDUNGEN:<\/h5>\n<p>[\/et_pb_text][et_pb_gallery gallery_ids=&#8220;27096,27101,27106,27111,27116,27121,27126,27131&#8243; posts_number=&#8220;10&#8243; show_title_and_caption=&#8220;off&#8220; zoom_icon_color=&#8220;#0f00a7&#8243; _builder_version=&#8220;4.16&#8243; title_font_size=&#8220;14&#8243; caption_line_height=&#8220;14px&#8220; pagination_font_size_tablet=&#8220;51&#8243; pagination_line_height_tablet=&#8220;2&#8243; saved_tabs=&#8220;all&#8220; global_colors_info=&#8220;{}&#8220;][\/et_pb_gallery][et_pb_divider color=&#8220;#ffffff&#8220; divider_position=&#8220;center&#8220; divider_weight=&#8220;3&#8243; disabled_on=&#8220;on|on|off&#8220; _builder_version=&#8220;4.16&#8243; hide_on_mobile=&#8220;on&#8220; global_colors_info=&#8220;{}&#8220;][\/et_pb_divider][\/et_pb_column][\/et_pb_row][\/et_pb_section]<\/p>\n","protected":false},"excerpt":{"rendered":"<p>Rotador\u00ae vaQ Industriesauger &nbsp; Art.-Nr.: 601 560 SPRENGZEICHNUNG: integrierter Druckluftanschlu\u00df 37 Liter Tankvolumen 1400 W P max. 4bar \u2013 15 bar min. \u2013 max. bar \u2013 Betriebsdruck 2.400 mm Wassers\u00e4ule Der erste Industriestaubsauger, der den Namen Rotador\u00ae verdient hat. Gro\u00dfer Tank, hohe Saugleistung und eine zus\u00e4tzliche Anschlu\u00dfm\u00f6glichkeit f\u00fcr Druckluftger\u00e4te machen den Rotador\u00ae vaQ in der [&hellip;]<\/p>\n","protected":false},"author":9,"featured_media":0,"parent":0,"menu_order":0,"comment_status":"closed","ping_status":"closed","template":"","meta":{"_et_pb_use_builder":"on","_et_pb_old_content":"","_et_gb_content_width":"","footnotes":""},"class_list":["post-26768","page","type-page","status-publish","hentry"],"_links":{"self":[{"href":"https:\/\/www.tornador.nl\/de\/wp-json\/wp\/v2\/pages\/26768","targetHints":{"allow":["GET"]}}],"collection":[{"href":"https:\/\/www.tornador.nl\/de\/wp-json\/wp\/v2\/pages"}],"about":[{"href":"https:\/\/www.tornador.nl\/de\/wp-json\/wp\/v2\/types\/page"}],"author":[{"embeddable":true,"href":"https:\/\/www.tornador.nl\/de\/wp-json\/wp\/v2\/users\/9"}],"replies":[{"embeddable":true,"href":"https:\/\/www.tornador.nl\/de\/wp-json\/wp\/v2\/comments?post=26768"}],"version-history":[{"count":5,"href":"https:\/\/www.tornador.nl\/de\/wp-json\/wp\/v2\/pages\/26768\/revisions"}],"predecessor-version":[{"id":30903,"href":"https:\/\/www.tornador.nl\/de\/wp-json\/wp\/v2\/pages\/26768\/revisions\/30903"}],"wp:attachment":[{"href":"https:\/\/www.tornador.nl\/de\/wp-json\/wp\/v2\/media?parent=26768"}],"curies":[{"name":"wp","href":"https:\/\/api.w.org\/{rel}","templated":true}]}}