{"id":1056,"date":"2016-11-02T10:34:42","date_gmt":"2016-11-02T10:34:42","guid":{"rendered":"http:\/\/wp12254767.server-he.de\/?page_id=1056"},"modified":"2022-09-04T15:04:39","modified_gmt":"2022-09-04T15:04:39","slug":"tornador-micro","status":"publish","type":"page","link":"https:\/\/www.tornador.nl\/de\/tornador-micro\/","title":{"rendered":"Tornador\u00ae MICRO"},"content":{"rendered":"<p>[et_pb_section fb_built=&#8220;1&#8243; specialty=&#8220;on&#8220; background_repeat_1=&#8220;no-repeat&#8220; background_repeat_2=&#8220;no-repeat&#8220; background_position_1=&#8220;top_left&#8220; background_position_2=&#8220;top_left&#8220; admin_label=&#8220;Section&#8220; _builder_version=&#8220;4.16&#8243; custom_padding=&#8220;||0px|&#8220; global_colors_info=&#8220;{}&#8220;][et_pb_column type=&#8220;1_2&#8243; _builder_version=&#8220;4.16&#8243; custom_padding=&#8220;|||&#8220; global_colors_info=&#8220;{}&#8220; custom_padding__hover=&#8220;|||&#8220;][et_pb_text _builder_version=&#8220;4.16&#8243; background_size=&#8220;initial&#8220; background_position=&#8220;top_left&#8220; background_repeat=&#8220;repeat&#8220; module_alignment=&#8220;left&#8220; border_style=&#8220;solid&#8220; global_colors_info=&#8220;{}&#8220;]<\/p>\n<h2><strong>Tornador\u00ae MICRO<\/strong><\/h2>\n<h2>Universal-Mikrofasertuch<\/h2>\n<h3>Art.-Nr.: 877 893<\/h3>\n<p>[\/et_pb_text][et_pb_image src=&#8220;https:\/\/www.bendel.de\/wp-content\/uploads\/2017\/06\/DSC00056.jpg&#8220; show_in_lightbox=&#8220;on&#8220; align_tablet=&#8220;center&#8220; align_phone=&#8220;&#8220; align_last_edited=&#8220;on|desktop&#8220; _builder_version=&#8220;4.16&#8243; animation_style=&#8220;slide&#8220; animation_direction=&#8220;left&#8220; animation_duration=&#8220;500ms&#8220; animation_intensity_slide=&#8220;10%&#8220; global_colors_info=&#8220;{}&#8220;][\/et_pb_image][et_pb_button url_new_window=&#8220;on&#8220; button_alignment=&#8220;left&#8220; _builder_version=&#8220;4.18.0&#8243; custom_button=&#8220;on&#8220; button_text_size=&#8220;15px&#8220; button_text_color=&#8220;#ffffff&#8220; button_bg_color=&#8220;#d80039&#8243; button_border_width=&#8220;7px&#8220; button_font=&#8220;Source Sans Pro|on|||&#8220; button_icon=&#8220;&#x5c;||divi||400&#8243; button_icon_color=&#8220;#ffffff&#8220; vertical_offset_tablet=&#8220;0&#8243; horizontal_offset_tablet=&#8220;0&#8243; hover_enabled=&#8220;0&#8243; z_index_tablet=&#8220;500&#8243; button_text_shadow_horizontal_length_tablet=&#8220;0px&#8220; button_text_shadow_vertical_length_tablet=&#8220;0px&#8220; button_text_shadow_blur_strength_tablet=&#8220;1px&#8220; box_shadow_horizontal_tablet=&#8220;0px&#8220; box_shadow_vertical_tablet=&#8220;0px&#8220; box_shadow_blur_tablet=&#8220;40px&#8220; box_shadow_spread_tablet=&#8220;0px&#8220; global_colors_info=&#8220;{}&#8220; button_text_size__hover_enabled=&#8220;off&#8220; button_text_size__hover=&#8220;null&#8220; button_one_text_size__hover_enabled=&#8220;off&#8220; button_one_text_size__hover=&#8220;null&#8220; button_two_text_size__hover_enabled=&#8220;off&#8220; button_two_text_size__hover=&#8220;null&#8220; button_text_color__hover_enabled=&#8220;off&#8220; button_text_color__hover=&#8220;null&#8220; button_one_text_color__hover_enabled=&#8220;off&#8220; button_one_text_color__hover=&#8220;null&#8220; button_two_text_color__hover_enabled=&#8220;off&#8220; button_two_text_color__hover=&#8220;null&#8220; button_border_width__hover_enabled=&#8220;off&#8220; button_border_width__hover=&#8220;null&#8220; button_one_border_width__hover_enabled=&#8220;off&#8220; button_one_border_width__hover=&#8220;null&#8220; button_two_border_width__hover_enabled=&#8220;off&#8220; button_two_border_width__hover=&#8220;null&#8220; button_border_color__hover_enabled=&#8220;off&#8220; button_border_color__hover=&#8220;null&#8220; button_one_border_color__hover_enabled=&#8220;off&#8220; button_one_border_color__hover=&#8220;null&#8220; button_two_border_color__hover_enabled=&#8220;off&#8220; button_two_border_color__hover=&#8220;null&#8220; button_border_radius__hover_enabled=&#8220;on&#8220; button_border_radius__hover=&#8220;4&#8243; button_one_border_radius__hover_enabled=&#8220;off&#8220; button_one_border_radius__hover=&#8220;null&#8220; button_two_border_radius__hover_enabled=&#8220;off&#8220; button_two_border_radius__hover=&#8220;null&#8220; button_letter_spacing__hover_enabled=&#8220;off&#8220; button_letter_spacing__hover=&#8220;null&#8220; button_one_letter_spacing__hover_enabled=&#8220;off&#8220; button_one_letter_spacing__hover=&#8220;null&#8220; button_two_letter_spacing__hover_enabled=&#8220;off&#8220; button_two_letter_spacing__hover=&#8220;null&#8220; button_bg_color__hover_enabled=&#8220;off&#8220; button_bg_color__hover=&#8220;null&#8220; button_one_bg_color__hover_enabled=&#8220;off&#8220; button_one_bg_color__hover=&#8220;null&#8220; button_two_bg_color__hover_enabled=&#8220;off&#8220; button_two_bg_color__hover=&#8220;null&#8220; global_module=&#8220;30566&#8243; theme_builder_area=&#8220;post_content&#8220; button_text=&#8220;Jetzt kaufen&#8220; button_url=&#8220;https:\/\/www.waxworld.nl\/artikel\/4740\/tornador-micro-microfiber-towel.html&#8220; sticky_enabled=&#8220;0&#8243;][\/et_pb_button][\/et_pb_column][et_pb_column type=&#8220;1_2&#8243; specialty_columns=&#8220;2&#8243; _builder_version=&#8220;4.16&#8243; custom_padding=&#8220;|||&#8220; global_colors_info=&#8220;{}&#8220; custom_padding__hover=&#8220;|||&#8220;][et_pb_row_inner padding_mobile=&#8220;off&#8220; make_equal=&#8220;on&#8220; column_padding_mobile=&#8220;on&#8220; admin_label=&#8220;Row&#8220; _builder_version=&#8220;4.16&#8243; global_colors_info=&#8220;{}&#8220;][et_pb_column_inner saved_specialty_column_type=&#8220;1_2&#8243; _builder_version=&#8220;4.16&#8243; custom_padding=&#8220;|||&#8220; global_colors_info=&#8220;{}&#8220; custom_padding__hover=&#8220;|||&#8220;][et_pb_text _builder_version=&#8220;4.16&#8243; background_size=&#8220;initial&#8220; background_position=&#8220;top_left&#8220; background_repeat=&#8220;repeat&#8220; module_alignment=&#8220;left&#8220; border_style=&#8220;solid&#8220; global_colors_info=&#8220;{}&#8220;]<\/p>\n<hr class=\"linie100g\" \/>\n<ul>\n<li>keine chemischen Reiniger erforderlich<\/li>\n<li>hochwertige Mikrofaser 350 GSM<\/li>\n<li>waschbar bis 60\u00b0C<\/li>\n<\/ul>\n<hr class=\"linie100g\" \/>\n<p>Ideal f\u00fcr die Lackvorbereitung, zum Entfetten, Entstauben und Polieren. Winzige Microfasern nehmen jeden Schmutz auf. Keine Reinigungszus\u00e4tze erforderlich.<\/p>\n<p><strong>Gr\u00f6\u00dfe von 40 x 40 cm.<\/strong><\/p>\n<p>[\/et_pb_text][\/et_pb_column_inner][\/et_pb_row_inner][\/et_pb_column][\/et_pb_section][et_pb_section fb_built=&#8220;1&#8243; inner_shadow=&#8220;on&#8220; _builder_version=&#8220;4.16&#8243; background_color=&#8220;rgba(255,255,255,0)&#8220; custom_padding=&#8220;0px||0px|&#8220; transparent_background=&#8220;on&#8220; global_colors_info=&#8220;{}&#8220;][et_pb_row _builder_version=&#8220;4.16&#8243; background_size=&#8220;initial&#8220; background_position=&#8220;top_left&#8220; background_repeat=&#8220;repeat&#8220; global_colors_info=&#8220;{}&#8220;][et_pb_column type=&#8220;4_4&#8243; _builder_version=&#8220;4.16&#8243; background_color=&#8220;#eaeaea&#8220; background_position=&#8220;top_left&#8220; custom_padding=&#8220;20px|20px|20px|20px&#8220; global_colors_info=&#8220;{}&#8220; custom_padding__hover=&#8220;|||&#8220;][et_pb_text _builder_version=&#8220;4.16&#8243; background_size=&#8220;initial&#8220; background_position=&#8220;top_left&#8220; background_repeat=&#8220;repeat&#8220; module_alignment=&#8220;left&#8220; border_style=&#8220;solid&#8220; global_colors_info=&#8220;{}&#8220;]<\/p>\n<p>\nDie speziell f\u00fcr den Automobilbereich entwickelte<strong> Tornador<sup>\u00ae<\/sup>-T\u00fccher-Serie<\/strong>, bestehend aus Tornador<sup>\u00ae <\/sup>CRYSTAL CLEAR, Tornador<sup>\u00ae<\/sup> CABIN, Tornador<sup>\u00ae <\/sup>BUFF, Tornador<sup>\u00ae <\/sup>MICRO, Tornador<sup>\u00ae <\/sup>MICRO PRO und Tornador<sup>\u00ae <\/sup>MICRO GIANT, wird aus hochwertigster, teils beschichteter Mikrofaser hergestellt.<\/p>\n<p><strong>Auf Basis von Kundenw\u00fcnschen und Anregungen konnten unsere Hersteller neuartige T\u00fccher entwickeln, die bessere Ergebnisse erzielen, als vergleichbare Mikrofaserprodukte.<\/strong><\/p>\n<p>[\/et_pb_text][\/et_pb_column][\/et_pb_row][\/et_pb_section][et_pb_section fb_built=&#8220;1&#8243; _builder_version=&#8220;4.16&#8243; background_color=&#8220;#dddddd&#8220; custom_padding=&#8220;0px||0px|&#8220; transparent_background=&#8220;off&#8220; make_fullwidth=&#8220;off&#8220; use_custom_width=&#8220;off&#8220; width_unit=&#8220;on&#8220; global_colors_info=&#8220;{}&#8220;][et_pb_row _builder_version=&#8220;4.16&#8243; background_size=&#8220;initial&#8220; background_position=&#8220;top_left&#8220; background_repeat=&#8220;repeat&#8220; global_colors_info=&#8220;{}&#8220;][et_pb_column type=&#8220;4_4&#8243; _builder_version=&#8220;4.16&#8243; background_color=&#8220;#eaeaea&#8220; background_position=&#8220;top_left&#8220; custom_padding=&#8220;|||&#8220; global_colors_info=&#8220;{}&#8220; custom_padding__hover=&#8220;|||&#8220;][et_pb_text _builder_version=&#8220;4.16&#8243; background_size=&#8220;initial&#8220; background_position=&#8220;top_left&#8220; background_repeat=&#8220;repeat&#8220; module_alignment=&#8220;left&#8220; border_style=&#8220;solid&#8220; global_colors_info=&#8220;{}&#8220;]<\/p>\n<h5>WEITERE ANSICHTEN:<\/h5>\n<p>[\/et_pb_text][et_pb_gallery gallery_ids=&#8220;9206,9207,9204,9205&#8243; posts_number=&#8220;12&#8243; show_title_and_caption=&#8220;off&#8220; zoom_icon_color=&#8220;#0f00a7&#8243; _builder_version=&#8220;4.16&#8243; title_font_size=&#8220;14px&#8220; caption_line_height=&#8220;14px&#8220; pagination_font_size_tablet=&#8220;51&#8243; pagination_line_height_tablet=&#8220;2&#8243; z_index_tablet=&#8220;500&#8243; title_text_shadow_horizontal_length_tablet=&#8220;0px&#8220; title_text_shadow_vertical_length_tablet=&#8220;0px&#8220; title_text_shadow_blur_strength_tablet=&#8220;1px&#8220; caption_text_shadow_horizontal_length_tablet=&#8220;0px&#8220; caption_text_shadow_vertical_length_tablet=&#8220;0px&#8220; caption_text_shadow_blur_strength_tablet=&#8220;1px&#8220; pagination_text_shadow_horizontal_length_tablet=&#8220;0px&#8220; pagination_text_shadow_vertical_length_tablet=&#8220;0px&#8220; pagination_text_shadow_blur_strength_tablet=&#8220;1px&#8220; box_shadow_horizontal_tablet=&#8220;0px&#8220; box_shadow_vertical_tablet=&#8220;0px&#8220; box_shadow_blur_tablet=&#8220;40px&#8220; box_shadow_spread_tablet=&#8220;0px&#8220; box_shadow_horizontal_image_tablet=&#8220;0px&#8220; box_shadow_vertical_image_tablet=&#8220;0px&#8220; box_shadow_blur_image_tablet=&#8220;40px&#8220; box_shadow_spread_image_tablet=&#8220;0px&#8220; text_shadow_horizontal_length_tablet=&#8220;0px&#8220; text_shadow_vertical_length_tablet=&#8220;0px&#8220; text_shadow_blur_strength_tablet=&#8220;1px&#8220; saved_tabs=&#8220;all&#8220; global_colors_info=&#8220;{}&#8220;][\/et_pb_gallery][et_pb_divider color=&#8220;#ffffff&#8220; divider_position=&#8220;center&#8220; divider_weight=&#8220;3&#8243; disabled_on=&#8220;on|on|off&#8220; _builder_version=&#8220;4.16&#8243; hide_on_mobile=&#8220;on&#8220; global_colors_info=&#8220;{}&#8220;][\/et_pb_divider][\/et_pb_column][\/et_pb_row][\/et_pb_section][et_pb_section fb_built=&#8220;1&#8243; _builder_version=&#8220;4.16&#8243; background_color=&#8220;#dddddd&#8220; custom_padding=&#8220;0px||0px|&#8220; transparent_background=&#8220;off&#8220; make_fullwidth=&#8220;off&#8220; use_custom_width=&#8220;off&#8220; width_unit=&#8220;on&#8220; global_colors_info=&#8220;{}&#8220;][et_pb_row _builder_version=&#8220;4.16&#8243; background_size=&#8220;initial&#8220; background_position=&#8220;top_left&#8220; background_repeat=&#8220;repeat&#8220; global_colors_info=&#8220;{}&#8220;][et_pb_column type=&#8220;4_4&#8243; _builder_version=&#8220;4.16&#8243; background_color=&#8220;#eaeaea&#8220; background_position=&#8220;top_left&#8220; custom_padding=&#8220;|||&#8220; global_colors_info=&#8220;{}&#8220; custom_padding__hover=&#8220;|||&#8220;][et_pb_text _builder_version=&#8220;4.16&#8243; background_size=&#8220;initial&#8220; background_position=&#8220;top_left&#8220; background_repeat=&#8220;repeat&#8220; module_alignment=&#8220;left&#8220; border_style=&#8220;solid&#8220; global_colors_info=&#8220;{}&#8220;]<\/p>\n<h5>ANWENDUNGEN:<\/h5>\n<p>[\/et_pb_text][et_pb_gallery gallery_ids=&#8220;26146,26150,26154,26158&#8243; posts_number=&#8220;10&#8243; show_title_and_caption=&#8220;off&#8220; zoom_icon_color=&#8220;#0f00a7&#8243; _builder_version=&#8220;4.16&#8243; title_font_size=&#8220;14px&#8220; caption_line_height=&#8220;14px&#8220; pagination_font_size_tablet=&#8220;51&#8243; pagination_line_height_tablet=&#8220;2&#8243; z_index_tablet=&#8220;500&#8243; title_text_shadow_horizontal_length_tablet=&#8220;0px&#8220; title_text_shadow_vertical_length_tablet=&#8220;0px&#8220; title_text_shadow_blur_strength_tablet=&#8220;1px&#8220; caption_text_shadow_horizontal_length_tablet=&#8220;0px&#8220; caption_text_shadow_vertical_length_tablet=&#8220;0px&#8220; caption_text_shadow_blur_strength_tablet=&#8220;1px&#8220; pagination_text_shadow_horizontal_length_tablet=&#8220;0px&#8220; pagination_text_shadow_vertical_length_tablet=&#8220;0px&#8220; pagination_text_shadow_blur_strength_tablet=&#8220;1px&#8220; box_shadow_horizontal_tablet=&#8220;0px&#8220; box_shadow_vertical_tablet=&#8220;0px&#8220; box_shadow_blur_tablet=&#8220;40px&#8220; box_shadow_spread_tablet=&#8220;0px&#8220; box_shadow_horizontal_image_tablet=&#8220;0px&#8220; box_shadow_vertical_image_tablet=&#8220;0px&#8220; box_shadow_blur_image_tablet=&#8220;40px&#8220; box_shadow_spread_image_tablet=&#8220;0px&#8220; text_shadow_horizontal_length_tablet=&#8220;0px&#8220; text_shadow_vertical_length_tablet=&#8220;0px&#8220; text_shadow_blur_strength_tablet=&#8220;1px&#8220; saved_tabs=&#8220;all&#8220; global_colors_info=&#8220;{}&#8220;][\/et_pb_gallery][et_pb_divider color=&#8220;#ffffff&#8220; divider_position=&#8220;center&#8220; divider_weight=&#8220;3&#8243; disabled_on=&#8220;on|on|off&#8220; _builder_version=&#8220;4.16&#8243; hide_on_mobile=&#8220;on&#8220; global_colors_info=&#8220;{}&#8220;][\/et_pb_divider][\/et_pb_column][\/et_pb_row][\/et_pb_section]<\/p>\n","protected":false},"excerpt":{"rendered":"<p>Tornador\u00ae MICRO Universal-Mikrofasertuch Art.-Nr.: 877 893 keine chemischen Reiniger erforderlich hochwertige Mikrofaser 350 GSM waschbar bis 60\u00b0C Ideal f\u00fcr die Lackvorbereitung, zum Entfetten, Entstauben und Polieren. Winzige Microfasern nehmen jeden Schmutz auf. Keine Reinigungszus\u00e4tze erforderlich. Gr\u00f6\u00dfe von 40 x 40 cm. Die speziell f\u00fcr den Automobilbereich entwickelte Tornador\u00ae-T\u00fccher-Serie, bestehend aus Tornador\u00ae CRYSTAL CLEAR, Tornador\u00ae CABIN, [&hellip;]<\/p>\n","protected":false},"author":7,"featured_media":0,"parent":0,"menu_order":942,"comment_status":"closed","ping_status":"closed","template":"","meta":{"_et_pb_use_builder":"on","_et_pb_old_content":"","_et_gb_content_width":"","footnotes":""},"class_list":["post-1056","page","type-page","status-publish","hentry"],"_links":{"self":[{"href":"https:\/\/www.tornador.nl\/de\/wp-json\/wp\/v2\/pages\/1056","targetHints":{"allow":["GET"]}}],"collection":[{"href":"https:\/\/www.tornador.nl\/de\/wp-json\/wp\/v2\/pages"}],"about":[{"href":"https:\/\/www.tornador.nl\/de\/wp-json\/wp\/v2\/types\/page"}],"author":[{"embeddable":true,"href":"https:\/\/www.tornador.nl\/de\/wp-json\/wp\/v2\/users\/7"}],"replies":[{"embeddable":true,"href":"https:\/\/www.tornador.nl\/de\/wp-json\/wp\/v2\/comments?post=1056"}],"version-history":[{"count":20,"href":"https:\/\/www.tornador.nl\/de\/wp-json\/wp\/v2\/pages\/1056\/revisions"}],"predecessor-version":[{"id":30630,"href":"https:\/\/www.tornador.nl\/de\/wp-json\/wp\/v2\/pages\/1056\/revisions\/30630"}],"wp:attachment":[{"href":"https:\/\/www.tornador.nl\/de\/wp-json\/wp\/v2\/media?parent=1056"}],"curies":[{"name":"wp","href":"https:\/\/api.w.org\/{rel}","templated":true}]}}